{"id":5395,"date":"2022-04-07T20:30:05","date_gmt":"2022-04-07T18:30:05","guid":{"rendered":"https:\/\/zenspot.homes\/?page_id=5395"},"modified":"2023-11-20T13:07:31","modified_gmt":"2023-11-20T12:07:31","slug":"kucna-pravila","status":"publish","type":"page","link":"https:\/\/zenspot.homes\/hr\/kucna-pravila\/","title":{"rendered":"Ku\u0107na pravila"},"content":{"rendered":"\t\t<div data-elementor-type=\"wp-page\" data-elementor-id=\"5395\" class=\"elementor elementor-5395 elementor-2026\" data-elementor-post-type=\"page\">\n\t\t\t\t\t\t\t\t\t<section class=\"elementor-section elementor-top-section elementor-element elementor-element-83a1e19 elementor-section-stretched elementor-section-boxed elementor-section-height-default elementor-section-height-default\" data-id=\"83a1e19\" data-element_type=\"section\" data-settings=\"{&quot;stretch_section&quot;:&quot;section-stretched&quot;,&quot;background_background&quot;:&quot;classic&quot;}\">\n\t\t\t\t\t\t<div class=\"elementor-container elementor-column-gap-default\">\n\t\t\t\t\t<div class=\"elementor-column elementor-col-100 elementor-top-column elementor-element elementor-element-52d295a elementor-invisible\" data-id=\"52d295a\" data-element_type=\"column\" data-settings=\"{&quot;background_background&quot;:&quot;classic&quot;,&quot;animation&quot;:&quot;fadeInLeft&quot;}\">\n\t\t\t<div class=\"elementor-widget-wrap elementor-element-populated\">\n\t\t\t\t\t\t\t\t<div class=\"elementor-element elementor-element-0df1b20 elementor-widget elementor-widget-heading\" data-id=\"0df1b20\" data-element_type=\"widget\" data-widget_type=\"heading.default\">\n\t\t\t\t<div class=\"elementor-widget-container\">\n\t\t\t<style>\/*! elementor - v3.18.0 - 08-12-2023 *\/\n.elementor-heading-title{padding:0;margin:0;line-height:1}.elementor-widget-heading .elementor-heading-title[class*=elementor-size-]>a{color:inherit;font-size:inherit;line-height:inherit}.elementor-widget-heading .elementor-heading-title.elementor-size-small{font-size:15px}.elementor-widget-heading .elementor-heading-title.elementor-size-medium{font-size:19px}.elementor-widget-heading .elementor-heading-title.elementor-size-large{font-size:29px}.elementor-widget-heading .elementor-heading-title.elementor-size-xl{font-size:39px}.elementor-widget-heading .elementor-heading-title.elementor-size-xxl{font-size:59px}<\/style><h1 class=\"elementor-heading-title elementor-size-default\">Ku\u0107na pravila<\/h1>\t\t<\/div>\n\t\t\t\t<\/div>\n\t\t\t\t<div class=\"elementor-element elementor-element-00a8348 elementor-widget-divider--view-line elementor-widget elementor-widget-divider\" data-id=\"00a8348\" data-element_type=\"widget\" data-widget_type=\"divider.default\">\n\t\t\t\t<div class=\"elementor-widget-container\">\n\t\t\t<style>\/*! elementor - v3.18.0 - 08-12-2023 *\/\n.elementor-widget-divider{--divider-border-style:none;--divider-border-width:1px;--divider-color:#0c0d0e;--divider-icon-size:20px;--divider-element-spacing:10px;--divider-pattern-height:24px;--divider-pattern-size:20px;--divider-pattern-url:none;--divider-pattern-repeat:repeat-x}.elementor-widget-divider .elementor-divider{display:flex}.elementor-widget-divider .elementor-divider__text{font-size:15px;line-height:1;max-width:95%}.elementor-widget-divider .elementor-divider__element{margin:0 var(--divider-element-spacing);flex-shrink:0}.elementor-widget-divider .elementor-icon{font-size:var(--divider-icon-size)}.elementor-widget-divider .elementor-divider-separator{display:flex;margin:0;direction:ltr}.elementor-widget-divider--view-line_icon .elementor-divider-separator,.elementor-widget-divider--view-line_text .elementor-divider-separator{align-items:center}.elementor-widget-divider--view-line_icon .elementor-divider-separator:after,.elementor-widget-divider--view-line_icon .elementor-divider-separator:before,.elementor-widget-divider--view-line_text .elementor-divider-separator:after,.elementor-widget-divider--view-line_text .elementor-divider-separator:before{display:block;content:\"\";border-bottom:0;flex-grow:1;border-top:var(--divider-border-width) var(--divider-border-style) var(--divider-color)}.elementor-widget-divider--element-align-left .elementor-divider .elementor-divider-separator>.elementor-divider__svg:first-of-type{flex-grow:0;flex-shrink:100}.elementor-widget-divider--element-align-left .elementor-divider-separator:before{content:none}.elementor-widget-divider--element-align-left .elementor-divider__element{margin-left:0}.elementor-widget-divider--element-align-right .elementor-divider .elementor-divider-separator>.elementor-divider__svg:last-of-type{flex-grow:0;flex-shrink:100}.elementor-widget-divider--element-align-right .elementor-divider-separator:after{content:none}.elementor-widget-divider--element-align-right .elementor-divider__element{margin-right:0}.elementor-widget-divider:not(.elementor-widget-divider--view-line_text):not(.elementor-widget-divider--view-line_icon) .elementor-divider-separator{border-top:var(--divider-border-width) var(--divider-border-style) var(--divider-color)}.elementor-widget-divider--separator-type-pattern{--divider-border-style:none}.elementor-widget-divider--separator-type-pattern.elementor-widget-divider--view-line .elementor-divider-separator,.elementor-widget-divider--separator-type-pattern:not(.elementor-widget-divider--view-line) .elementor-divider-separator:after,.elementor-widget-divider--separator-type-pattern:not(.elementor-widget-divider--view-line) .elementor-divider-separator:before,.elementor-widget-divider--separator-type-pattern:not([class*=elementor-widget-divider--view]) .elementor-divider-separator{width:100%;min-height:var(--divider-pattern-height);-webkit-mask-size:var(--divider-pattern-size) 100%;mask-size:var(--divider-pattern-size) 100%;-webkit-mask-repeat:var(--divider-pattern-repeat);mask-repeat:var(--divider-pattern-repeat);background-color:var(--divider-color);-webkit-mask-image:var(--divider-pattern-url);mask-image:var(--divider-pattern-url)}.elementor-widget-divider--no-spacing{--divider-pattern-size:auto}.elementor-widget-divider--bg-round{--divider-pattern-repeat:round}.rtl .elementor-widget-divider .elementor-divider__text{direction:rtl}.e-con-inner>.elementor-widget-divider,.e-con>.elementor-widget-divider{width:var(--container-widget-width,100%);--flex-grow:var(--container-widget-flex-grow)}<\/style>\t\t<div class=\"elementor-divider\">\n\t\t\t<span class=\"elementor-divider-separator\">\n\t\t\t\t\t\t<\/span>\n\t\t<\/div>\n\t\t\t\t<\/div>\n\t\t\t\t<\/div>\n\t\t\t\t<div class=\"elementor-element elementor-element-2a0178f elementor-widget elementor-widget-text-editor\" data-id=\"2a0178f\" data-element_type=\"widget\" data-widget_type=\"text-editor.default\">\n\t\t\t\t<div class=\"elementor-widget-container\">\n\t\t\t<style>\/*! elementor - v3.18.0 - 08-12-2023 *\/\n.elementor-widget-text-editor.elementor-drop-cap-view-stacked .elementor-drop-cap{background-color:#69727d;color:#fff}.elementor-widget-text-editor.elementor-drop-cap-view-framed .elementor-drop-cap{color:#69727d;border:3px solid;background-color:transparent}.elementor-widget-text-editor:not(.elementor-drop-cap-view-default) .elementor-drop-cap{margin-top:8px}.elementor-widget-text-editor:not(.elementor-drop-cap-view-default) .elementor-drop-cap-letter{width:1em;height:1em}.elementor-widget-text-editor .elementor-drop-cap{float:left;text-align:center;line-height:1;font-size:50px}.elementor-widget-text-editor .elementor-drop-cap-letter{display:inline-block}<\/style>\t\t\t\t<p>Kako bi va\u0161 boravak u na\u0161im Zen Spot mobilnim ku\u0107icama bio \u0161to ugodniji te kako biste izbjegli eventualne neugodnosti, molimo vas da pro\u010ditate ku\u0107ni red. Potvr\u0111ivanjem va\u0161e rezervacije smatra se da ste upoznati i suglasni s ovim pravilima te da \u0107ete se ih&nbsp; potpunosti pridr\u017eavati. Kr\u0161enje ku\u0107nog reda mo\u017ee rezultirati otkazom rezervacije, te se u tom slu\u010daju pla\u0107a puna cijena smje\u0161taja, bez obzira na to \u0161to je boravak skra\u0107en.<\/p>\n<ul>\n<li aria-level=\"1\">Po dolasku svi gosti moraju predo\u010diti osobne dokumente (putovnicu ili osobnu iskaznicu) na recepciji Turisti\u010dkog naselja Jezera Lovi\u0161\u0107a, kako bi se mogli upisati u evidenciju Turisti\u010dke zajednice. Dokumenti se vra\u0107aju u roku od 24 sata, me\u0111utim, gost ih mo\u017ee ostaviti na \u010duvanje i do kraja boravka. Kamp ima pravo odlu\u010diti \u010duvati dokument za vrijeme va\u0161eg boravka.<\/li>\n<li aria-level=\"1\">Molimo goste da imaju na umu da je u na\u0161im mobilnim ku\u0107icama pu\u0161enje cigareta i ostalih duhanskih proizvoda zabranjeno. Pu\u0161enje je dozvoljeno samo na terasi koja se nalazi izvan mobilne ku\u0107ice. Tako\u0111er, u na\u0161im mobilnim ku\u0107icama i u selu Jezera je djeci i maloljetnicima strogo zabranjeno konzumiranje alkohola i duhanskih proizvoda.<\/li>\n<li aria-level=\"1\">Gosti se brinu o \u010disto\u0107i mobilne ku\u0107ice. Zen Spot nije du\u017ean \u010distiti i pospremati mobilnu ku\u0107icu i odlagati sme\u0107e tijekom cjelokupnog boravka.<\/li>\n<li aria-level=\"1\">Zen Spot nije du\u017ean osigurati kuhinjske ru\u010dnike, sredstva za \u010di\u0161\u0107enje ili higijenske potrep\u0161tine.<\/li>\n<li aria-level=\"1\">Zen Spot \u0107e vam rado osigurati svje\u017eu posteljinu svakih 7 dana i ru\u010dnike svaka 4 dana, ali samo na va\u0161 zahtjev. Ukoliko \u017eelite da vam se osigura posteljina i ru\u010dnici \u010de\u0161\u0107e od predvi\u0111enoga, rado \u0107emo vam to organizirati uz nadoplatu od 5 \u20ac za set ru\u010dnika za jednu osobu ili set posteljine za jednu osobu.<\/li>\n\n<li aria-level=\"1\">\n<p>Osoblju Zen Spota nije ovla\u0161teno ulaziti u mobilnu ku\u0107icu za vrijeme odsutnosti gosta, osim ako nije dogovoreno s gostom ili u slu\u010daju nepogodnosti kao \u0161to su sprje\u010davanje \u0161tete ili opasnosti koja mo\u017ee nastati na\/u mobilnoj ku\u0107ici. U tom slu\u010daju gost mora biti obavije\u0161ten \u010dim se vrati u smje\u0161tajnu jedinicu. Ukoliko iz bilo kojeg razloga Zen Spot smatra da nije po\u0161tivan ku\u0107ni red, gost je du\u017ean dopustiti osoblju Zen Spota da u\u0111e u smje\u0161tajnu jedinicu kako bi to provjerili.<\/p>\n<\/li>\n<li aria-level=\"1\">Gosti su du\u017eni \u010duvati svoje osobne stvari i dragocjenosti u smje\u0161tajnoj jedinici. Zen Spot ne preuzima nikakvu odgovornost za nestanak osobnih stvari ili dragocjenosti. Stoga se gostima savjetuje da svaki put kada napuste mobilnu ku\u0107icu zatvore\/zaklju\u010daju vrata i prozore, a vrijedne stvari ili dokumente \u010duvaju u sefu na recepciji Jezera Lovi\u0161\u0107a, \u0161to je besplatna usluga za goste.<\/li>\n<li aria-level=\"1\">U pokretnu ku\u0107ici nije dopu\u0161teno unositi ili dr\u017eati oru\u017eje, nezapaljive i eksplozivne tvari, proizvode jakog i neugodnog mirisa, droge i tvari zabranjene zakonom. Paljenje vatre u kampu je zakonom zabranjeno.<\/li>\n<li aria-level=\"1\">\n<p>Prilikom izlaska iz mobilne ku\u0107ice, mole se gosti da ugase svjetla i elektri\u010dne ure\u0111aje te isklju\u010de plin i vodu. Hla\u0111enje hrane i pi\u0107a teku\u0107om vodom iz slavine nije dopu\u0161teno. Zabranjeno je odlaganje otpada u zahode, umivaonike i sli\u010dno, \u010dak i izvan mobilne ku\u0107ice ili u njezinoj blizini, osim u za to predvi\u0111ene kante\/spremnike.<\/p>\n<\/li>\n<li aria-level=\"1\">\n<p>Molimo goste da se brinu o smje\u0161tajnoj jedinici i namje\u0161taju unutar i izvan smje\u0161tajne jedinice. Namje\u0161taj i ostali predmeti ne smiju se premje\u0161tati u drugu mobilnu ku\u0107icu, na terasu ili na pla\u017eu (npr. premje\u0161tanje pribora za jelo u drugu smje\u0161tajnu jedinicu ili ru\u010dnika i deka na pla\u017eu,&#8230;), osim stolova i stolica koje se mogu prenijeti na terasu.<\/p>\n<\/li>\n<li aria-level=\"1\">Molimo goste da ne ometaju ostale goste u kompleksu izme\u0111u 21:00 i 08:00 sati. Brava na ulazu u kamp je zatvorena izme\u0111u 24:00 i 7:00 sati. Maksimalna brzina za vozila je 20 km na sat.<\/li>\n<li aria-level=\"1\">\n<p>Gost koji namjerno ili nenamjerno o\u0161teti imovinu du\u017ean je davatelju usluga platiti puni iznos \u0161tete. Zen Spot mo\u017ee zahtijevati od gosta da plati polog za eventualnu nastalu \u0161tetu za period boravka u smje\u0161taju. Pri odlasku iz kampa, gostu \u0107e biti vra\u0107en polog u cjelosti, ukoliko na mobilnoj ku\u0107ici nije prouzro\u010dena nikakva \u0161teta s njegove strane i ako je mobilna ku\u0107ica u istom stanju u kakvom je bila prilikom preuzimanja.<\/p>\n<\/li>\n<li aria-level=\"1\">\n<p>Na dan odlaska gosti moraju napustiti mobilnu ku\u0107icu najkasnije do 10:00 sati kako bi se mogla pripremiti za sljede\u0107e goste koji dolaze u 15:00 sati. Gosti su du\u017eni ostaviti mobilnu ku\u0107icu u istom stanju u kakvom su je preuzeli, odnosno urednu i neo\u0161te\u0107enu.<\/p>\n<\/li>\n<li aria-level=\"1\">\n<p>Ku\u0107ni ljubimci su dopu\u0161teni samo uz dopu\u0161tenje pru\u017eatelja usluga. Ku\u0107ni ljubimci nisu dopu\u0161teni bez prethodne najave i u tom slu\u010daju davatelj ima pravo otkazati rezervaciju. Vlasnici su du\u017eni donijeti poseban krevet ili navlaku za svog ljubimca radi za\u0161tite namje\u0161taja u mobilnoj ku\u0107ici. Gosti su odgovorni za \u0161tetu koju prouzrokuju njihovi ljubimci, a obavezni su ukloniti i njihov izmet unutar, izvan i u blizini ku\u0107ice, kao na pla\u017ei. Ukoliko je dogovoreno da ku\u0107ni ljubimci moraju boraviti izvan mobilne ku\u0107ice, gosti ne smiju dozvoliti da njihovi ljubimci borave unutar nje.<\/p>\n<\/li>\n<li aria-level=\"1\">\n<p>Pri kori\u0161tenju ro\u0161tilja se, unato\u010d svom oprezu, mo\u017ee dogoditi da masno\u0107a prska po okolnim elementima ili zidovima, \u0161to je razumljivo. Stoga, najljep\u0161e vas molimo da koristite ro\u0161tilj samo u prostoru koji je za to predvi\u0111en.<\/p>\n<\/li>\n<li aria-level=\"1\">\n<p>Zen Spot ili Kamp Jezera Lovi\u0161\u0107a mogu ranije otkazati rezervaciju ako se gost ne pridr\u017eava ku\u0107nog reda odnosno zakonodavstvo Republike Hrvatske. U tom slu\u010daju gost \u0107e platiti puni iznos rezervacije, bez obzira na to \u0161to \u0107e boravak biti skra\u0107en.<\/p>\n<\/li>\n<li aria-level=\"1\">\n<p>Molimo goste da ne unose hranu i pi\u0107e u spava\u0107e sobe.<\/p>\n<\/li>\n<li aria-level=\"1\">\n<p>U cijenu najma mobilne ku\u0107ice uklju\u010deno je i parkirno mjesto za 1 automobil. Automobil mora biti parkiran na parceli unajmljene ku\u0107e. Ako je automobil parkiran izvan parcele dodijeljene ku\u0107ici, kamp napla\u0107uje 50 \u20ac po danu. Parkirno mjesto za drugi automobil se pla\u0107a prema cjeniku kampa. U cijelom kampu zabranjeno je pranje automobila.<\/p>\n<\/li>\n<li aria-level=\"1\">\n<p>Prilikom prijave na recepciji kampa Jezara Lovi\u0161\u0107a gost dobiva karticu za svoje vozilo kojim ulazi i izlazi iz kampa. Strogo je zabranjeno davanje kartice na kori\u0161tenje tre\u0107oj osobi.<\/p>\n<\/li>\n<li aria-level=\"1\">\n<p>U mobilnoj ku\u0107ici ili izvan nje mogu boraviti samo osobe koje su se prijavile na recepciji kampa. Ako Zen Spot ili kamp Jezera Lovi\u0161\u0107a prilikom kontrole zatekne neprijavljene osobe, najmoprimac mobilne ku\u0107ice du\u017ean je platiti Zen Spot d.o.o. nov\u010danom kaznom od 500 \u20ac po osobi za neprijavljenu osobu, ujedno se neprijavljena osoba udaljava iz kampa i Zen Spot mo\u017ee otkazati rezervaciju bez povrata novca.<\/p>\n<\/li>\n<li aria-level=\"1\">\n<p>U mobilnim ku\u0107icama nije dopu\u0161teno organizirati doga\u0111anja i zabave.<\/p>\n<\/li>\n\n<li aria-level=\"1\">Po\u010detkom kori\u0161tenja smje\u0161tajne jedinice, pretpostavlja se da je gost upoznat s ku\u0107nim redom i da je suglasan s uvjetima. Svaki problem koji se ne mo\u017ee rije\u0161iti mirnim putem, sa Zen Spotom ili odgovornim osobama u naselju Jezera Lovi\u0161\u0107a, \u0107e se rje\u0161avati putem nadle\u017enih organa, policijske uprave i suda u Zadru. Pritu\u017eba je valjana samo ako gost odmah po nastanku uzroka pritu\u017ebe obavijesti Zen Spot ili recepciju Jezera Lovi\u0161\u0107a te ako ve\u0107 podne\u0161eni prigovor nije rije\u0161en u razumnom roku. Ukoliko uzrok prigovora nije rije\u0161en na licu mjesta, gost ima pravo na pismeni prigovor koji mora proslijediti davatelju u roku od 15 dana nakon zavr\u0161etka boravka. Kasniji prigovori se ne\u0107e razmatrati.<\/li>\n<\/ul>\n<p>U slu\u010daju prigovora, gost se mo\u017ee obratiti recepciji Jezera Lovi\u0161\u0107a ili pru\u017eatelju usluga na sljede\u0107u adresu:<\/p>\n<p>Zen Spot d.o.o.<br>Savska cesta 84<br>10360 Sesvete (Grad Zagreb)<br>HRVATSKA<br>Tel. <a href=\"tel:0038640501574\">+386 (0) 40 501 574<\/a> (WhatsApp, Viber)<br><a href=\"mailto:info@zenspot.homes\">info@zenspot.homes<\/a><\/p>\n<p><em>Cijeli Zen Spot tim \u017eeli Vam ugodan boravak u na\u0161im mobilnim ku\u0107icama.<\/em><\/p>\n<div>&nbsp;<\/div>\n<div>&nbsp;<\/div>\t\t\t\t\t\t<\/div>\n\t\t\t\t<\/div>\n\t\t\t\t\t<\/div>\n\t\t<\/div>\n\t\t\t\t\t\t\t<\/div>\n\t\t<\/section>\n\t\t\t\t\t\t\t<\/div>\n\t\t","protected":false},"excerpt":{"rendered":"<p>Ku\u0107na pravila Kako bi va\u0161 boravak u na\u0161im Zen Spot mobilnim ku\u0107icama bio \u0161to ugodniji te kako biste izbjegli eventualne neugodnosti, molimo vas da pro\u010ditate ku\u0107ni red. Potvr\u0111ivanjem va\u0161e rezervacije smatra se da ste upoznati i suglasni s ovim pravilima te da \u0107ete se ih&nbsp; potpunosti pridr\u017eavati. Kr\u0161enje ku\u0107nog reda mo\u017ee rezultirati otkazom rezervacije, te [&hellip;]<\/p>\n","protected":false},"author":1,"featured_media":0,"parent":0,"menu_order":0,"comment_status":"closed","ping_status":"closed","template":"elementor_header_footer","meta":{"footnotes":""},"yoast_head":"<!-- This site is optimized with the Yoast SEO plugin v21.7 - https:\/\/yoast.com\/wordpress\/plugins\/seo\/ -->\n<title>Ku\u0107na pravila - Zen Spot Mobile Homes<\/title>\n<meta name=\"robots\" content=\"index, follow, max-snippet:-1, max-image-preview:large, max-video-preview:-1\" \/>\n<link rel=\"canonical\" href=\"https:\/\/zenspot.homes\/hr\/kucna-pravila\/\" \/>\n<meta property=\"og:locale\" content=\"hr_HR\" \/>\n<meta property=\"og:type\" content=\"article\" \/>\n<meta property=\"og:title\" content=\"Ku\u0107na pravila - Zen Spot Mobile Homes\" \/>\n<meta property=\"og:description\" content=\"Ku\u0107na pravila Kako bi va\u0161 boravak u na\u0161im Zen Spot mobilnim ku\u0107icama bio \u0161to ugodniji te kako biste izbjegli eventualne neugodnosti, molimo vas da pro\u010ditate ku\u0107ni red. Potvr\u0111ivanjem va\u0161e rezervacije smatra se da ste upoznati i suglasni s ovim pravilima te da \u0107ete se ih&nbsp; potpunosti pridr\u017eavati. Kr\u0161enje ku\u0107nog reda mo\u017ee rezultirati otkazom rezervacije, te [&hellip;]\" \/>\n<meta property=\"og:url\" content=\"https:\/\/zenspot.homes\/hr\/kucna-pravila\/\" \/>\n<meta property=\"og:site_name\" content=\"Zen Spot Mobile Homes\" \/>\n<meta property=\"article:modified_time\" content=\"2023-11-20T12:07:31+00:00\" \/>\n<meta name=\"twitter:card\" content=\"summary_large_image\" \/>\n<meta name=\"twitter:label1\" content=\"Procijenjeno vrijeme \u010ditanja\" \/>\n\t<meta name=\"twitter:data1\" content=\"7 minuta\" \/>\n<script type=\"application\/ld+json\" class=\"yoast-schema-graph\">{\"@context\":\"https:\/\/schema.org\",\"@graph\":[{\"@type\":\"WebPage\",\"@id\":\"https:\/\/zenspot.homes\/hr\/kucna-pravila\/\",\"url\":\"https:\/\/zenspot.homes\/hr\/kucna-pravila\/\",\"name\":\"Ku\u0107na pravila - Zen Spot Mobile Homes\",\"isPartOf\":{\"@id\":\"https:\/\/zenspot.homes\/hr\/#website\"},\"datePublished\":\"2022-04-07T18:30:05+00:00\",\"dateModified\":\"2023-11-20T12:07:31+00:00\",\"breadcrumb\":{\"@id\":\"https:\/\/zenspot.homes\/hr\/kucna-pravila\/#breadcrumb\"},\"inLanguage\":\"hr\",\"potentialAction\":[{\"@type\":\"ReadAction\",\"target\":[\"https:\/\/zenspot.homes\/hr\/kucna-pravila\/\"]}]},{\"@type\":\"BreadcrumbList\",\"@id\":\"https:\/\/zenspot.homes\/hr\/kucna-pravila\/#breadcrumb\",\"itemListElement\":[{\"@type\":\"ListItem\",\"position\":1,\"name\":\"Po\u010detna stranica\",\"item\":\"https:\/\/zenspot.homes\/hr\/\"},{\"@type\":\"ListItem\",\"position\":2,\"name\":\"Ku\u0107na pravila\"}]},{\"@type\":\"WebSite\",\"@id\":\"https:\/\/zenspot.homes\/hr\/#website\",\"url\":\"https:\/\/zenspot.homes\/hr\/\",\"name\":\"Zen Spot Mobile Homes\",\"description\":\"Zen Spot Mobile Homes\",\"publisher\":{\"@id\":\"https:\/\/zenspot.homes\/hr\/#organization\"},\"potentialAction\":[{\"@type\":\"SearchAction\",\"target\":{\"@type\":\"EntryPoint\",\"urlTemplate\":\"https:\/\/zenspot.homes\/hr\/?s={search_term_string}\"},\"query-input\":\"required name=search_term_string\"}],\"inLanguage\":\"hr\"},{\"@type\":\"Organization\",\"@id\":\"https:\/\/zenspot.homes\/hr\/#organization\",\"name\":\"Zen Spot Mobile Homes\",\"url\":\"https:\/\/zenspot.homes\/hr\/\",\"logo\":{\"@type\":\"ImageObject\",\"inLanguage\":\"hr\",\"@id\":\"https:\/\/zenspot.homes\/hr\/#\/schema\/logo\/image\/\",\"url\":\"https:\/\/zenspot.homes\/wp-content\/uploads\/2022\/03\/ZEN-SPOT_sekundarni-logotip2.png\",\"contentUrl\":\"https:\/\/zenspot.homes\/wp-content\/uploads\/2022\/03\/ZEN-SPOT_sekundarni-logotip2.png\",\"width\":350,\"height\":140,\"caption\":\"Zen Spot Mobile Homes\"},\"image\":{\"@id\":\"https:\/\/zenspot.homes\/hr\/#\/schema\/logo\/image\/\"}}]}<\/script>\n<!-- \/ Yoast SEO plugin. -->","yoast_head_json":{"title":"Ku\u0107na pravila - Zen Spot Mobile Homes","robots":{"index":"index","follow":"follow","max-snippet":"max-snippet:-1","max-image-preview":"max-image-preview:large","max-video-preview":"max-video-preview:-1"},"canonical":"https:\/\/zenspot.homes\/hr\/kucna-pravila\/","og_locale":"hr_HR","og_type":"article","og_title":"Ku\u0107na pravila - Zen Spot Mobile Homes","og_description":"Ku\u0107na pravila Kako bi va\u0161 boravak u na\u0161im Zen Spot mobilnim ku\u0107icama bio \u0161to ugodniji te kako biste izbjegli eventualne neugodnosti, molimo vas da pro\u010ditate ku\u0107ni red. Potvr\u0111ivanjem va\u0161e rezervacije smatra se da ste upoznati i suglasni s ovim pravilima te da \u0107ete se ih&nbsp; potpunosti pridr\u017eavati. Kr\u0161enje ku\u0107nog reda mo\u017ee rezultirati otkazom rezervacije, te [&hellip;]","og_url":"https:\/\/zenspot.homes\/hr\/kucna-pravila\/","og_site_name":"Zen Spot Mobile Homes","article_modified_time":"2023-11-20T12:07:31+00:00","twitter_card":"summary_large_image","twitter_misc":{"Procijenjeno vrijeme \u010ditanja":"7 minuta"},"schema":{"@context":"https:\/\/schema.org","@graph":[{"@type":"WebPage","@id":"https:\/\/zenspot.homes\/hr\/kucna-pravila\/","url":"https:\/\/zenspot.homes\/hr\/kucna-pravila\/","name":"Ku\u0107na pravila - Zen Spot Mobile Homes","isPartOf":{"@id":"https:\/\/zenspot.homes\/hr\/#website"},"datePublished":"2022-04-07T18:30:05+00:00","dateModified":"2023-11-20T12:07:31+00:00","breadcrumb":{"@id":"https:\/\/zenspot.homes\/hr\/kucna-pravila\/#breadcrumb"},"inLanguage":"hr","potentialAction":[{"@type":"ReadAction","target":["https:\/\/zenspot.homes\/hr\/kucna-pravila\/"]}]},{"@type":"BreadcrumbList","@id":"https:\/\/zenspot.homes\/hr\/kucna-pravila\/#breadcrumb","itemListElement":[{"@type":"ListItem","position":1,"name":"Po\u010detna stranica","item":"https:\/\/zenspot.homes\/hr\/"},{"@type":"ListItem","position":2,"name":"Ku\u0107na pravila"}]},{"@type":"WebSite","@id":"https:\/\/zenspot.homes\/hr\/#website","url":"https:\/\/zenspot.homes\/hr\/","name":"Zen Spot Mobile Homes","description":"Zen Spot Mobile Homes","publisher":{"@id":"https:\/\/zenspot.homes\/hr\/#organization"},"potentialAction":[{"@type":"SearchAction","target":{"@type":"EntryPoint","urlTemplate":"https:\/\/zenspot.homes\/hr\/?s={search_term_string}"},"query-input":"required name=search_term_string"}],"inLanguage":"hr"},{"@type":"Organization","@id":"https:\/\/zenspot.homes\/hr\/#organization","name":"Zen Spot Mobile Homes","url":"https:\/\/zenspot.homes\/hr\/","logo":{"@type":"ImageObject","inLanguage":"hr","@id":"https:\/\/zenspot.homes\/hr\/#\/schema\/logo\/image\/","url":"https:\/\/zenspot.homes\/wp-content\/uploads\/2022\/03\/ZEN-SPOT_sekundarni-logotip2.png","contentUrl":"https:\/\/zenspot.homes\/wp-content\/uploads\/2022\/03\/ZEN-SPOT_sekundarni-logotip2.png","width":350,"height":140,"caption":"Zen Spot Mobile Homes"},"image":{"@id":"https:\/\/zenspot.homes\/hr\/#\/schema\/logo\/image\/"}}]}},"_links":{"self":[{"href":"https:\/\/zenspot.homes\/hr\/wp-json\/wp\/v2\/pages\/5395"}],"collection":[{"href":"https:\/\/zenspot.homes\/hr\/wp-json\/wp\/v2\/pages"}],"about":[{"href":"https:\/\/zenspot.homes\/hr\/wp-json\/wp\/v2\/types\/page"}],"author":[{"embeddable":true,"href":"https:\/\/zenspot.homes\/hr\/wp-json\/wp\/v2\/users\/1"}],"replies":[{"embeddable":true,"href":"https:\/\/zenspot.homes\/hr\/wp-json\/wp\/v2\/comments?post=5395"}],"version-history":[{"count":9,"href":"https:\/\/zenspot.homes\/hr\/wp-json\/wp\/v2\/pages\/5395\/revisions"}],"predecessor-version":[{"id":9594,"href":"https:\/\/zenspot.homes\/hr\/wp-json\/wp\/v2\/pages\/5395\/revisions\/9594"}],"wp:attachment":[{"href":"https:\/\/zenspot.homes\/hr\/wp-json\/wp\/v2\/media?parent=5395"}],"curies":[{"name":"wp","href":"https:\/\/api.w.org\/{rel}","templated":true}]}}